{"id":50,"date":"2024-11-03T20:15:38","date_gmt":"2024-11-03T19:15:38","guid":{"rendered":"https:\/\/qebs.pl\/?page_id=50"},"modified":"2024-11-03T20:46:47","modified_gmt":"2024-11-03T19:46:47","slug":"catering","status":"publish","type":"page","link":"https:\/\/qebs.pl\/?page_id=50","title":{"rendered":"Catering"},"content":{"rendered":"\n<p>Chcia\u0142by\u015b Nas u siebie na imprezie, w firmie czy na Qebs dayu ? Skontaktuj si\u0119 z nami i ustalimy szczeg\u00f3\u0142y:)! Mamy foodtrucka kt\u00f3rym mo\u017cemy dojecha\u0107 w ka\u017cde miejsce w Polsce i serwowa\u0107 nasz produkt w ka\u017cdych warunkach.<\/p>\n","protected":false},"excerpt":{"rendered":"<p>Chcia\u0142by\u015b Nas u siebie na imprezie, w firmie czy na Qebs dayu ? Skontaktuj si\u0119 z nami i ustalimy szczeg\u00f3\u0142y:)! Mamy foodtrucka kt\u00f3rym mo\u017cemy dojecha\u0107 w ka\u017cde miejsce w Polsce i serwowa\u0107 nasz produkt w ka\u017cdych warunkach.<\/p>\n","protected":false},"author":1,"featured_media":0,"parent":0,"menu_order":0,"comment_status":"closed","ping_status":"closed","template":"","meta":{"footnotes":""},"class_list":["post-50","page","type-page","status-publish","hentry"],"yoast_head":"<!-- This site is optimized with the Yoast SEO plugin v23.7 - https:\/\/yoast.com\/wordpress\/plugins\/seo\/ -->\n<title>Catering - Qebs<\/title>\n<meta name=\"robots\" content=\"index, follow, max-snippet:-1, max-image-preview:large, max-video-preview:-1\" \/>\n<link rel=\"canonical\" href=\"https:\/\/qebs.pl\/?page_id=50\" \/>\n<meta property=\"og:locale\" content=\"pl_PL\" \/>\n<meta property=\"og:type\" content=\"article\" \/>\n<meta property=\"og:title\" content=\"Catering - Qebs\" \/>\n<meta property=\"og:description\" content=\"Chcia\u0142by\u015b Nas u siebie na imprezie, w firmie czy na Qebs dayu ? Skontaktuj si\u0119 z nami i ustalimy szczeg\u00f3\u0142y:)! Mamy foodtrucka kt\u00f3rym mo\u017cemy dojecha\u0107 w ka\u017cde miejsce w Polsce i serwowa\u0107 nasz produkt w ka\u017cdych warunkach.\" \/>\n<meta property=\"og:url\" content=\"https:\/\/qebs.pl\/?page_id=50\" \/>\n<meta property=\"og:site_name\" content=\"Qebs\" \/>\n<meta property=\"article:modified_time\" content=\"2024-11-03T19:46:47+00:00\" \/>\n<meta name=\"twitter:card\" content=\"summary_large_image\" \/>\n<meta name=\"twitter:label1\" content=\"Szacowany czas czytania\" \/>\n\t<meta name=\"twitter:data1\" content=\"1 minuta\" \/>\n<script type=\"application\/ld+json\" class=\"yoast-schema-graph\">{\"@context\":\"https:\/\/schema.org\",\"@graph\":[{\"@type\":\"WebPage\",\"@id\":\"https:\/\/qebs.pl\/?page_id=50\",\"url\":\"https:\/\/qebs.pl\/?page_id=50\",\"name\":\"Catering - Qebs\",\"isPartOf\":{\"@id\":\"https:\/\/qebs.pl\/#website\"},\"datePublished\":\"2024-11-03T19:15:38+00:00\",\"dateModified\":\"2024-11-03T19:46:47+00:00\",\"breadcrumb\":{\"@id\":\"https:\/\/qebs.pl\/?page_id=50#breadcrumb\"},\"inLanguage\":\"pl-PL\",\"potentialAction\":[{\"@type\":\"ReadAction\",\"target\":[\"https:\/\/qebs.pl\/?page_id=50\"]}]},{\"@type\":\"BreadcrumbList\",\"@id\":\"https:\/\/qebs.pl\/?page_id=50#breadcrumb\",\"itemListElement\":[{\"@type\":\"ListItem\",\"position\":1,\"name\":\"Home\",\"item\":\"https:\/\/qebs.pl\/\"},{\"@type\":\"ListItem\",\"position\":2,\"name\":\"Catering\"}]},{\"@type\":\"WebSite\",\"@id\":\"https:\/\/qebs.pl\/#website\",\"url\":\"https:\/\/qebs.pl\/\",\"name\":\"Qebs\",\"description\":\"\",\"potentialAction\":[{\"@type\":\"SearchAction\",\"target\":{\"@type\":\"EntryPoint\",\"urlTemplate\":\"https:\/\/qebs.pl\/?s={search_term_string}\"},\"query-input\":{\"@type\":\"PropertyValueSpecification\",\"valueRequired\":true,\"valueName\":\"search_term_string\"}}],\"inLanguage\":\"pl-PL\"}]}<\/script>\n<!-- \/ Yoast SEO plugin. -->","yoast_head_json":{"title":"Catering - Qebs","robots":{"index":"index","follow":"follow","max-snippet":"max-snippet:-1","max-image-preview":"max-image-preview:large","max-video-preview":"max-video-preview:-1"},"canonical":"https:\/\/qebs.pl\/?page_id=50","og_locale":"pl_PL","og_type":"article","og_title":"Catering - Qebs","og_description":"Chcia\u0142by\u015b Nas u siebie na imprezie, w firmie czy na Qebs dayu ? Skontaktuj si\u0119 z nami i ustalimy szczeg\u00f3\u0142y:)! Mamy foodtrucka kt\u00f3rym mo\u017cemy dojecha\u0107 w ka\u017cde miejsce w Polsce i serwowa\u0107 nasz produkt w ka\u017cdych warunkach.","og_url":"https:\/\/qebs.pl\/?page_id=50","og_site_name":"Qebs","article_modified_time":"2024-11-03T19:46:47+00:00","twitter_card":"summary_large_image","twitter_misc":{"Szacowany czas czytania":"1 minuta"},"schema":{"@context":"https:\/\/schema.org","@graph":[{"@type":"WebPage","@id":"https:\/\/qebs.pl\/?page_id=50","url":"https:\/\/qebs.pl\/?page_id=50","name":"Catering - Qebs","isPartOf":{"@id":"https:\/\/qebs.pl\/#website"},"datePublished":"2024-11-03T19:15:38+00:00","dateModified":"2024-11-03T19:46:47+00:00","breadcrumb":{"@id":"https:\/\/qebs.pl\/?page_id=50#breadcrumb"},"inLanguage":"pl-PL","potentialAction":[{"@type":"ReadAction","target":["https:\/\/qebs.pl\/?page_id=50"]}]},{"@type":"BreadcrumbList","@id":"https:\/\/qebs.pl\/?page_id=50#breadcrumb","itemListElement":[{"@type":"ListItem","position":1,"name":"Home","item":"https:\/\/qebs.pl\/"},{"@type":"ListItem","position":2,"name":"Catering"}]},{"@type":"WebSite","@id":"https:\/\/qebs.pl\/#website","url":"https:\/\/qebs.pl\/","name":"Qebs","description":"","potentialAction":[{"@type":"SearchAction","target":{"@type":"EntryPoint","urlTemplate":"https:\/\/qebs.pl\/?s={search_term_string}"},"query-input":{"@type":"PropertyValueSpecification","valueRequired":true,"valueName":"search_term_string"}}],"inLanguage":"pl-PL"}]}},"_links":{"self":[{"href":"https:\/\/qebs.pl\/index.php?rest_route=\/wp\/v2\/pages\/50","targetHints":{"allow":["GET"]}}],"collection":[{"href":"https:\/\/qebs.pl\/index.php?rest_route=\/wp\/v2\/pages"}],"about":[{"href":"https:\/\/qebs.pl\/index.php?rest_route=\/wp\/v2\/types\/page"}],"author":[{"embeddable":true,"href":"https:\/\/qebs.pl\/index.php?rest_route=\/wp\/v2\/users\/1"}],"replies":[{"embeddable":true,"href":"https:\/\/qebs.pl\/index.php?rest_route=%2Fwp%2Fv2%2Fcomments&post=50"}],"version-history":[{"count":2,"href":"https:\/\/qebs.pl\/index.php?rest_route=\/wp\/v2\/pages\/50\/revisions"}],"predecessor-version":[{"id":86,"href":"https:\/\/qebs.pl\/index.php?rest_route=\/wp\/v2\/pages\/50\/revisions\/86"}],"wp:attachment":[{"href":"https:\/\/qebs.pl\/index.php?rest_route=%2Fwp%2Fv2%2Fmedia&parent=50"}],"curies":[{"name":"wp","href":"https:\/\/api.w.org\/{rel}","templated":true}]}}